{"id":689,"date":"2014-07-16T10:40:14","date_gmt":"2014-07-16T08:40:14","guid":{"rendered":"http:\/\/www.ag-preussische-geschichte.de\/wpress\/?page_id=689"},"modified":"2014-09-22T09:26:26","modified_gmt":"2014-09-22T07:26:26","slug":"tagungen","status":"publish","type":"page","link":"https:\/\/ag-preussische-geschichte.de\/wpress\/geschichte\/tagungen\/","title":{"rendered":"TAGUNGEN DER APG"},"content":{"rendered":"<p><strong>12.-14. M\u00e4rz 1973:\u00a0<\/strong><br \/>\n\u201eProbleme der preu\u00dfischen Geschichte\u201c, Gr\u00fcndung der APG<\/p>\n<hr \/>\n<p><strong>11.-13. M\u00e4rz 1974:<\/strong><br \/>\n\u201eDie Stellung des preu\u00dfischen Heeres in Staat und Gesellschaft des 19. Jahrhunderts\u201c<\/p>\n<hr \/>\n<p><strong>\u00a017.-19. M\u00e4rz 1975:<\/strong><br \/>\n\u201eDie Funktion der Bildung im preu\u00dfischen Staat des 19. Jahrhunderts\u201c<\/p>\n<hr \/>\n<p><strong>22.-24. M\u00e4rz 1976:<\/strong><br \/>\n\u201eStaat und Bildung in Preu\u00dfen und im Deutschen Kaiserreich 1871-1914\u201c<\/p>\n<hr \/>\n<p><strong>14.-16. M\u00e4rz 1977:<\/strong><br \/>\n\u201eExpansion und Integration: Zur Eingliederung neu gewonnener Gebiete in den Preu\u00dfischen Staat (1)\u201c<\/p>\n<hr \/>\n<p><strong>9.- 11. Oktober 1978:<\/strong><br \/>\n\u201eExpansion und Integration. Zur Eingliederung neu gewonnener Gebiete in den preu\u00dfischen Staat (2)\u201c<\/p>\n<hr \/>\n<p><strong>29.- 31. Oktober 1979:<\/strong><br \/>\n\u201eExpansion und Integration. Zur Eingliederung neu gewonnener Gebiete in den preu\u00dfischen Staat (3)\u201c<\/p>\n<hr \/>\n<p><strong>6.- 8. Oktober 1980:<\/strong><br \/>\n\u201eMinderheiten in Preu\u00dfen\u201c<\/p>\n<hr \/>\n<p><strong>11.- 13. Oktober 1982:<\/strong><br \/>\n\u201ePers\u00f6nlichkeit und Struktur in der preu\u00dfischen Geschichte (1)\u201c<\/p>\n<hr \/>\n<p><strong>26.- 28. September 1983:<\/strong><br \/>\n\u201ePers\u00f6nlichkeit und Struktur in der preu\u00dfischen Geschichte (2)\u201c<\/p>\n<hr \/>\n<p><strong>24.- 26. September 1984:<\/strong><br \/>\n\u201ePers\u00f6nlichkeit und Struktur in der preu\u00dfischen Geschichte (3)\u201c<\/p>\n<hr \/>\n<p><strong>30.9.- 2. Oktober 1985:<\/strong><br \/>\n\u201eStaat und Kirche in Preu\u00dfen\u201c<\/p>\n<hr \/>\n<p><strong>29.9.- 1. Oktober 1986:<\/strong><br \/>\n\u201eFriedrich der Gro\u00dfe im geistig-kulturellen Umfeld seiner Zeit\u201c<\/p>\n<hr \/>\n<p><strong>28.- 30. September 1987:<\/strong><br \/>\n\u201ePreu\u00dfen in der Weimarer Republik\u201c<\/p>\n<hr \/>\n<p><strong>26.- 28. September 1988:<\/strong><br \/>\n\u201ePreu\u00dfen im Widerstreit. Zum Geschichtsbild der Bundesrepublik und der DDR\u201c<\/p>\n<hr \/>\n<p><strong>9.- 11. Oktober 1989:<\/strong><br \/>\n\u201ePreu\u00dfen im Widerstreit: Die Preu\u00dfischen Reformen im Geschichtsbild der Bundesrepublik und der DDR (1)\u201c<\/p>\n<hr \/>\n<p><strong>15.- 17. Oktober 1990:<\/strong><br \/>\n\u201ePreu\u00dfen im Widerstreit: Die Preu\u00dfischen Reformen im Geschichtsbild der Bundesrepublik und der DDR (2)\u201c<\/p>\n<hr \/>\n<p><strong>7.- 9. Oktober 1991:<\/strong><br \/>\n\u201eDie preu\u00dfischen Reformen im Widerstreit der Forschung\u201c<\/p>\n<hr \/>\n<p><strong>5.- 7. Oktober 1992:<\/strong><br \/>\n\u201ePreu\u00dfen in den internationalen Beziehungen: Die Gesandten Preu\u00dfens und der U.S.A. als Vermittler zwischen Monarchie und Republik\u201c<\/p>\n<hr \/>\n<p><strong>4.- 6. Oktober 1993:<\/strong><br \/>\n\u201ePreu\u00dfen in den internationalen Beziehungen. Die \u00f6stlichen Nachbarn\u201c<\/p>\n<hr \/>\n<p><strong>26.- 28. September 1994:<\/strong><br \/>\n\u201ePreu\u00dfen in den internationalen Beziehungen: Gro\u00dfbritannien\u201c<\/p>\n<hr \/>\n<p><strong>4.-6. Oktober 1995:<\/strong><br \/>\n\u201eWirtschaft, Wissenschaft und Bildung. Zur Sozialgeschichte Preu\u00dfens vom 18. bis zum 20. Jahrhundert: Landwirtschaft, Landbauwissenschaften, landwirtschaftliches Bildungswesen\u201c<\/p>\n<hr \/>\n<p><strong>30.9.-2. Oktober 1996:<\/strong><br \/>\n\u201eWirtschaft, Wissenschaft und Bildung. Zur Sozialgeschichte Preu\u00dfens vom 18. bis zum 20. Jahrhundert: Wirtschaft, Wissenschaft und Bildung\u201c<\/p>\n<hr \/>\n<p><strong>29.9.-1. Oktober 1997:<\/strong><br \/>\n\u201eWirtschaft, Wissenschaft und Bildung. Zur Sozialgeschichte Preu\u00dfens vom 18. bis zum 20. Jahrhundert: B\u00fcrgertum und Bildungswesen\u201c<\/p>\n<hr \/>\n<p><strong>5.- 6. Oktober 1998:<\/strong><br \/>\n\u201eJubil\u00e4umsveranstaltung: 25 Jahre \u201eArbeitsgemeinschaft zur preu\u00dfischen Geschichte 1973-1998\u201c<\/p>\n<hr \/>\n<p><strong>4.- 6. Oktober 1999:<\/strong><br \/>\n\u201eKommunikation und Assoziation in Preu\u00dfen: Untersuchungen zur \u00d6ffentlichkeit, Informations- und Zensurpolitik, 16.-18. Jahrhundert (1)\u201c<\/p>\n<hr \/>\n<p><strong>9.- 11. Oktober 2000:<\/strong><br \/>\n\u201eKommunikation und Assoziation in Preu\u00dfen: Untersuchungen zur \u00d6ffentlichkeit, Informations- und Zensurpolitik, 16.-18. Jahrhundert (2)\u201c<\/p>\n<hr \/>\n<p><strong>30.9.- 3. Oktober 2001:<\/strong><br \/>\n\u201eDie preu\u00dfische Kr\u00f6nung von 1701 im deutschen und europ\u00e4ischen Kontext\u201c<\/p>\n<hr \/>\n<p><strong>30.9.- 2. Oktober 2002:<\/strong><br \/>\n\u201eDie Preu\u00dfische Armee unter dem Ancien R\u00e9gime (ca. 1713-1806). Milit\u00e4rische und politische, wirtschaftliche und soziale Implikationen eines kontroversen Kapitels preu\u00dfischer Geschichte\u201c<\/p>\n<hr \/>\n<p><strong>12.- 14. Oktober 2003:<\/strong><br \/>\n\u201ePreu\u00dfen in Wissenschaft und \u00d6ffentlichkeit nach 1945\u201c<\/p>\n<hr \/>\n<p><strong>11.- 13. Oktober 2004:<\/strong><br \/>\n\u201eDas preu\u00dfische Heer im 19. Jahrhundert. Bewaffnete Macht und zivile Gesellschaft\u201c<\/p>\n<hr \/>\n<p><strong>30.9.- 4. Oktober 2005: <\/strong><br \/>\n\u201eSchlesien, insbesondere Oberschlesien, vom 18. bis zum 20. Jahrhundert\u201c<\/p>\n<hr \/>\n<p><strong>2.- 4. Oktober 2006:<\/strong><br \/>\n\u201ePreu\u00dfen und der Westen\u201c<\/p>\n<hr \/>\n<p><strong>16.- 19. September 2007:<\/strong><br \/>\n\u201eGutsherrschaft in Preu\u00dfen im 19. Jahrhundert\u201c<\/p>\n<hr \/>\n<p><strong>22.- 26. September 2008:<\/strong><br \/>\n\u201eGutsherrschaft und Agrarwirtschaft in Ostmitteleuropa im 19. Jahrhundert\u201c<\/p>\n<hr \/>\n<p><strong>1.- 3. Oktober 2009:<\/strong><br \/>\n\u201eF\u00fcrsorge und \u201ePolicey\u201c in Preu\u00dfen\u201c<\/p>\n<hr \/>\n<p><strong>30.9.- 2. Oktober 2010:<\/strong><br \/>\n\u201eReligion und \u00d6ffentlichkeit im 18. Jahrhundert. Jenseits der Amtskirchen\u201c<\/p>\n<hr \/>\n<p><strong>28.- 30. September 2011:<\/strong><br \/>\n\u201e\u00d6sterreich und Preu\u00dfen im Vergleich im 18. Jahrhundert\u201c<\/p>\n<hr \/>\n<p><strong>4.- 6. Oktober 2012:<\/strong><br \/>\n\u201e\u00d6sterreich und Preu\u00dfen im Vergleich im 19. Jahrhundert\u201c<\/p>\n<hr \/>\n<p><strong>17. -19. Oktober 2013:<\/strong><br \/>\n\u201e1813 und die Folgen f\u00fcr Europa: Entgrenzung und Einhegung\u201c<\/p>\n<hr \/>\n","protected":false},"excerpt":{"rendered":"<p>12.-14. M\u00e4rz 1973:\u00a0 \u201eProbleme der preu\u00dfischen Geschichte\u201c, Gr\u00fcndung der APG 11.-13. M\u00e4rz 1974: \u201eDie Stellung des preu\u00dfischen Heeres in Staat und Gesellschaft des 19. Jahrhunderts\u201c \u00a017.-19. M\u00e4rz 1975: \u201eDie Funktion der Bildung im preu\u00dfischen Staat des 19. Jahrhunderts\u201c 22.-24. M\u00e4rz 1976: \u201eStaat und Bildung in Preu\u00dfen und im Deutschen Kaiserreich 1871-1914\u201c 14.-16. M\u00e4rz 1977: \u201eExpansion&#8230;<\/p>\n","protected":false},"author":1,"featured_media":0,"parent":684,"menu_order":0,"comment_status":"closed","ping_status":"closed","template":"bricklayout.php","meta":[],"_links":{"self":[{"href":"https:\/\/ag-preussische-geschichte.de\/wpress\/wp-json\/wp\/v2\/pages\/689"}],"collection":[{"href":"https:\/\/ag-preussische-geschichte.de\/wpress\/wp-json\/wp\/v2\/pages"}],"about":[{"href":"https:\/\/ag-preussische-geschichte.de\/wpress\/wp-json\/wp\/v2\/types\/page"}],"author":[{"embeddable":true,"href":"https:\/\/ag-preussische-geschichte.de\/wpress\/wp-json\/wp\/v2\/users\/1"}],"replies":[{"embeddable":true,"href":"https:\/\/ag-preussische-geschichte.de\/wpress\/wp-json\/wp\/v2\/comments?post=689"}],"version-history":[{"count":7,"href":"https:\/\/ag-preussische-geschichte.de\/wpress\/wp-json\/wp\/v2\/pages\/689\/revisions"}],"predecessor-version":[{"id":800,"href":"https:\/\/ag-preussische-geschichte.de\/wpress\/wp-json\/wp\/v2\/pages\/689\/revisions\/800"}],"up":[{"embeddable":true,"href":"https:\/\/ag-preussische-geschichte.de\/wpress\/wp-json\/wp\/v2\/pages\/684"}],"wp:attachment":[{"href":"https:\/\/ag-preussische-geschichte.de\/wpress\/wp-json\/wp\/v2\/media?parent=689"}],"curies":[{"name":"wp","href":"https:\/\/api.w.org\/{rel}","templated":true}]}}