{"id":684,"date":"2014-07-16T10:39:32","date_gmt":"2014-07-16T08:39:32","guid":{"rendered":"http:\/\/www.ag-preussische-geschichte.de\/wpress\/?page_id=684"},"modified":"2020-03-09T09:20:48","modified_gmt":"2020-03-09T09:20:48","slug":"geschichte","status":"publish","type":"page","link":"https:\/\/ag-preussische-geschichte.de\/wpress\/geschichte\/","title":{"rendered":"GESCHICHTE DES VEREINS"},"content":{"rendered":"<h4><em>Im Fr\u00fchjahr 1973 tagte die \u201eArbeitsgemeinschaft zur Preu\u00dfischen Geschichte\u201c im Schl\u00f6sschen Sch\u00f6nburg der Evangelischen Akademie zu Hofgeismar zum ersten Mal. 36 Interessierte trafen damals zusammen.<\/em><\/h4>\n<p>Preu\u00dfen bedeutete stets eine Herausforderung f\u00fcr Historiker. Seit der Herausbildung der modernen Geschichtswissenschaft im 19. Jahrhundert stand es im Mittelpunkt ideologisch beeinflusster Auseinandersetzungen. Daran konnte Preu\u00dfens offizieller \u201eUntergang\u201c 1947 nichts \u00e4ndern. Ob man aber nun die preu\u00dfische Geschichte als markantes Beispiel \u201edeutscher Daseinsverfehlung\u201c sah oder nicht, die Notwendigkeit eines Forums zur Besch\u00e4ftigung mit den Kontinuit\u00e4ten des gr\u00f6\u00dften deutschen Gliedstaates blieb davon unber\u00fchrt.<\/p>\n<p>In Zeiten des Kalten Krieges begannen manche westdeutschen Historiker zu f\u00fcrchten, die dem Marxismus-Leninismus unterworfene Forschung der DDR k\u00f6nne ein Monopol gewinnen, da sich der gr\u00f6\u00dfte Teil des Preu\u00dfischen Geheimen Staatsarchivs sowie die kompletten Archive preu\u00dfischer Kernprovinzen hinter dem Eisernen Vorhang befanden. Auch die damit verbundenen Beschwernisse beim Aktenzugang hatten manchen westdeutschen Historiker davon abgehalten, sich mit der Hinterlassenschaft Preu\u00dfens zu besch\u00e4ftigen. Um einer im Westen nicht zu \u00fcbersehenden Preu\u00dfen-Vergessenheit entgegenzuwirken, wurde 1973 unter dem Gr\u00fcndungsvorsitzenden Manfred Schlenke die \u201eArbeitsgemeinschaft zur preu\u00dfischen Geschichte\u201c ins Leben gerufen.<\/p>\n<p>Seither hat die Arbeitsgemeinschaft das Bild von Preu\u00dfen und das Verst\u00e4ndnis der Geschichte Preu\u00dfens in Wissenschaft, \u00d6ffentlichkeit und hin und wieder auch in Schulverwaltungen mit gepr\u00e4gt. Mit einem breiten Thementableau hat sie zu einer Entkrampfung der historischen Forschung zur preu\u00dfischen Geschichte beigetragen. Nachdem sich schon 1989\/90 erste Historiker aus der DDR der Arbeitsgemeinschaft angeschlossen hatten, ist heute der Wohnsitz des Historikers kein Gesichtspunkt mehr, vielmehr hat sich die APG zusehends internationalisiert und Mitglieder aus Polen, Italien, Gro\u00dfbritannien, der Schweiz und den USA aufgenommen. 1989 \u00fcbernahm der Berliner Historiker und Medienwissenschaftler Bernd\u00a0S\u00f6semann den Vorsitz, als dessen Nachfolger 2009 der Greifswalder Historiker Thomas Stamm-Kuhlmann gew\u00e4hlt wurde.<\/p>\n<h4>2017 gr\u00fcndete sich die Arbeitsgemeinschaft mit dem leicht ver\u00e4nderten Namen &#8222;Arbeitsgemeinschaft zur Geschichte Preu\u00dfens e.V.&#8220; neu.<\/h4>\n","protected":false},"excerpt":{"rendered":"<p>Im Fr\u00fchjahr 1973 tagte die \u201eArbeitsgemeinschaft zur Preu\u00dfischen Geschichte\u201c im Schl\u00f6sschen Sch\u00f6nburg der Evangelischen Akademie zu Hofgeismar zum ersten Mal. 36 Interessierte trafen damals zusammen. Preu\u00dfen bedeutete stets eine Herausforderung f\u00fcr Historiker. Seit der Herausbildung der modernen Geschichtswissenschaft im 19. Jahrhundert stand es im Mittelpunkt ideologisch beeinflusster Auseinandersetzungen. Daran konnte Preu\u00dfens offizieller \u201eUntergang\u201c 1947 nichts&#8230;<\/p>\n","protected":false},"author":1,"featured_media":0,"parent":0,"menu_order":0,"comment_status":"closed","ping_status":"closed","template":"bricklayout.php","meta":[],"_links":{"self":[{"href":"https:\/\/ag-preussische-geschichte.de\/wpress\/wp-json\/wp\/v2\/pages\/684"}],"collection":[{"href":"https:\/\/ag-preussische-geschichte.de\/wpress\/wp-json\/wp\/v2\/pages"}],"about":[{"href":"https:\/\/ag-preussische-geschichte.de\/wpress\/wp-json\/wp\/v2\/types\/page"}],"author":[{"embeddable":true,"href":"https:\/\/ag-preussische-geschichte.de\/wpress\/wp-json\/wp\/v2\/users\/1"}],"replies":[{"embeddable":true,"href":"https:\/\/ag-preussische-geschichte.de\/wpress\/wp-json\/wp\/v2\/comments?post=684"}],"version-history":[{"count":8,"href":"https:\/\/ag-preussische-geschichte.de\/wpress\/wp-json\/wp\/v2\/pages\/684\/revisions"}],"predecessor-version":[{"id":926,"href":"https:\/\/ag-preussische-geschichte.de\/wpress\/wp-json\/wp\/v2\/pages\/684\/revisions\/926"}],"wp:attachment":[{"href":"https:\/\/ag-preussische-geschichte.de\/wpress\/wp-json\/wp\/v2\/media?parent=684"}],"curies":[{"name":"wp","href":"https:\/\/api.w.org\/{rel}","templated":true}]}}