{"id":48,"date":"2013-10-14T16:05:32","date_gmt":"2013-10-14T14:05:32","guid":{"rendered":"http:\/\/www.ag-preussische-geschichte.de\/wpress\/?page_id=48"},"modified":"2020-03-09T08:35:59","modified_gmt":"2020-03-09T08:35:59","slug":"ueber-uns","status":"publish","type":"page","link":"https:\/\/ag-preussische-geschichte.de\/wpress\/ueber-uns\/","title":{"rendered":"ZIELE DER ARBEITSGEMEINSCHAFT"},"content":{"rendered":"<p>Die \u201eArbeitsgemeinschaft zur Geschichte Preu\u00dfens\u201c (AGP) will einerseits Forschungen zur preu\u00dfischen Geschichte anregen, andererseits deren Vermittlung in Schule und \u00d6ffentlichkeit begleiten und f\u00f6rdern. Daf\u00fcr veranstalten die Mitglieder des Vereins Tagungen, unterst\u00fctzen Publikationen und beraten \u00f6ffentliche Institutionen. Die AGP versteht sich als eine Umschlagstelle f\u00fcr wissenschaftlich fundierte Informationen und tritt in Verbindung zu anderen Forschungsinstitutionen, die sich mit der preu\u00dfischen Geschichte besch\u00e4ftigen. Siehe\u00a0<a title=\"KOOPERATION\" href=\"https:\/\/www.ag-preussische-geschichte.de\/wpress\/?page_id=691\">&gt;&gt;Kooperationen<\/a><\/p>\n<p>Die Arbeitsgemeinschaft sieht heute ihre Aufgabe auch darin, trotz aller berechtigten Trends zur Transfer- und Globalgeschichte, auf die Bedeutung Preu\u00dfens \u2013 freilich auch im globalen Kontext \u2013 zu verweisen. Die Transdisziplinarit\u00e4t geh\u00f6rte von je her zu den Rahmenbedingungen der AGP. Eine besondere Aufgabe sehen die Mitglieder darin, Nachwuchswissenschaftler zu f\u00f6rdern und fr\u00fchzeitig Doktoranden und Habilitanden zu den Tagungen einzuladen und in die Publikationen einzubeziehen.<\/p>\n","protected":false},"excerpt":{"rendered":"<p>Die \u201eArbeitsgemeinschaft zur Geschichte Preu\u00dfens\u201c (AGP) will einerseits Forschungen zur preu\u00dfischen Geschichte anregen, andererseits deren Vermittlung in Schule und \u00d6ffentlichkeit begleiten und f\u00f6rdern. Daf\u00fcr veranstalten die Mitglieder des Vereins Tagungen, unterst\u00fctzen Publikationen und beraten \u00f6ffentliche Institutionen. Die AGP versteht sich als eine Umschlagstelle f\u00fcr wissenschaftlich fundierte Informationen und tritt in Verbindung zu anderen Forschungsinstitutionen, die&#8230;<\/p>\n","protected":false},"author":1,"featured_media":0,"parent":0,"menu_order":0,"comment_status":"closed","ping_status":"closed","template":"bricklayout.php","meta":[],"_links":{"self":[{"href":"https:\/\/ag-preussische-geschichte.de\/wpress\/wp-json\/wp\/v2\/pages\/48"}],"collection":[{"href":"https:\/\/ag-preussische-geschichte.de\/wpress\/wp-json\/wp\/v2\/pages"}],"about":[{"href":"https:\/\/ag-preussische-geschichte.de\/wpress\/wp-json\/wp\/v2\/types\/page"}],"author":[{"embeddable":true,"href":"https:\/\/ag-preussische-geschichte.de\/wpress\/wp-json\/wp\/v2\/users\/1"}],"replies":[{"embeddable":true,"href":"https:\/\/ag-preussische-geschichte.de\/wpress\/wp-json\/wp\/v2\/comments?post=48"}],"version-history":[{"count":5,"href":"https:\/\/ag-preussische-geschichte.de\/wpress\/wp-json\/wp\/v2\/pages\/48\/revisions"}],"predecessor-version":[{"id":916,"href":"https:\/\/ag-preussische-geschichte.de\/wpress\/wp-json\/wp\/v2\/pages\/48\/revisions\/916"}],"wp:attachment":[{"href":"https:\/\/ag-preussische-geschichte.de\/wpress\/wp-json\/wp\/v2\/media?parent=48"}],"curies":[{"name":"wp","href":"https:\/\/api.w.org\/{rel}","templated":true}]}}