{"id":2,"date":"2014-04-24T20:25:28","date_gmt":"2014-04-24T18:25:28","guid":{"rendered":"http:\/\/www.ag-preussische-geschichte.de\/wpress\/?page_id=2"},"modified":"2014-07-16T16:23:32","modified_gmt":"2014-07-16T14:23:32","slug":"beispiel-seite","status":"publish","type":"page","link":"https:\/\/ag-preussische-geschichte.de\/wpress\/","title":{"rendered":"HOME"},"content":{"rendered":"<p style=\"text-align: center;\">Der Verein bem\u00fcht sich um ein kritisches Verst\u00e4ndnis der preu\u00dfischen Geschichte. Die Historikerinnen und Historiker in der Arbeitsgemeinschaft betrachten es als ihre Aufgabe, Forschungen zur preu\u00dfischen Geschichte anzuregen und Forschungsergebnisse in Schule und \u00d6ffentlichkeit zu vermitteln.<\/p>\n<p style=\"text-align: center;\">Zur Verwirklichung seiner Ziele veranstaltet der Verein Tagungen und f\u00f6rdert Publikationen. Damit versteht er sich als eine Umschlagstelle f\u00fcr Informationen und tritt in Verbindung mit anderen an der preu\u00dfischen Geschichte interessierten wissenschaftlichen Institutionen.<\/p>\n","protected":false},"excerpt":{"rendered":"<p>Der Verein bem\u00fcht sich um ein kritisches Verst\u00e4ndnis der preu\u00dfischen Geschichte. Die Historikerinnen und Historiker in der Arbeitsgemeinschaft betrachten es als ihre Aufgabe, Forschungen zur preu\u00dfischen Geschichte anzuregen und Forschungsergebnisse in Schule und \u00d6ffentlichkeit zu vermitteln. Zur Verwirklichung seiner Ziele veranstaltet der Verein Tagungen und f\u00f6rdert Publikationen. Damit versteht er sich als eine Umschlagstelle f\u00fcr&#8230;<\/p>\n","protected":false},"author":1,"featured_media":0,"parent":0,"menu_order":0,"comment_status":"closed","ping_status":"closed","template":"page-home-blog.php","meta":[],"_links":{"self":[{"href":"https:\/\/ag-preussische-geschichte.de\/wpress\/wp-json\/wp\/v2\/pages\/2"}],"collection":[{"href":"https:\/\/ag-preussische-geschichte.de\/wpress\/wp-json\/wp\/v2\/pages"}],"about":[{"href":"https:\/\/ag-preussische-geschichte.de\/wpress\/wp-json\/wp\/v2\/types\/page"}],"author":[{"embeddable":true,"href":"https:\/\/ag-preussische-geschichte.de\/wpress\/wp-json\/wp\/v2\/users\/1"}],"replies":[{"embeddable":true,"href":"https:\/\/ag-preussische-geschichte.de\/wpress\/wp-json\/wp\/v2\/comments?post=2"}],"version-history":[{"count":10,"href":"https:\/\/ag-preussische-geschichte.de\/wpress\/wp-json\/wp\/v2\/pages\/2\/revisions"}],"predecessor-version":[{"id":719,"href":"https:\/\/ag-preussische-geschichte.de\/wpress\/wp-json\/wp\/v2\/pages\/2\/revisions\/719"}],"wp:attachment":[{"href":"https:\/\/ag-preussische-geschichte.de\/wpress\/wp-json\/wp\/v2\/media?parent=2"}],"curies":[{"name":"wp","href":"https:\/\/api.w.org\/{rel}","templated":true}]}}